{"id":15612,"date":"2026-03-07T22:53:18","date_gmt":"2026-03-07T22:53:18","guid":{"rendered":"https:\/\/burningbar.fr\/?page_id=15612"},"modified":"2026-03-27T00:27:50","modified_gmt":"2026-03-27T00:27:50","slug":"brand-experiences","status":"publish","type":"page","link":"https:\/\/burningbar.fr\/en\/brand-experiences\/","title":{"rendered":"Brand Experiences"},"content":{"rendered":"\t\t<div data-elementor-type=\"wp-page\" data-elementor-id=\"15612\" class=\"elementor elementor-15612\" data-elementor-post-type=\"page\">\n\t\t\t\t\t\t<section class=\"elementor-section elementor-top-section elementor-element elementor-element-c484c26 elementor-section-full_width elementor-section-height-default elementor-section-height-default qodef-elementor-content-no qodef-elementor-back-btn-skin-default qodef-section-title-text-holder-no qodef-section-line-animation-holder-no\" data-id=\"c484c26\" data-element_type=\"section\" data-e-type=\"section\">\n\t\t\t\t\t\t<div class=\"elementor-container elementor-column-gap-default\">\n\t\t\t\t\t<div class=\"elementor-column elementor-col-50 elementor-top-column elementor-element elementor-element-17a9614 qodef-sticky-column\" data-id=\"17a9614\" data-element_type=\"column\" data-e-type=\"column\">\n\t\t\t<div class=\"elementor-widget-wrap elementor-element-populated\">\n\t\t\t\t\t\t<div class=\"elementor-element elementor-element-58b022d elementor-widget elementor-widget-heading\" data-id=\"58b022d\" data-element_type=\"widget\" data-e-type=\"widget\" data-widget_type=\"heading.default\">\n\t\t\t\t<div class=\"elementor-widget-container\">\n\t\t\t\t\t<h1 class=\"elementor-heading-title elementor-size-default\">Brand Experiences.<\/h1>\t\t\t\t<\/div>\n\t\t\t\t<\/div>\n\t\t\t\t<div class=\"elementor-element elementor-element-af3988b elementor-widget elementor-widget-text-editor\" data-id=\"af3988b\" data-element_type=\"widget\" data-e-type=\"widget\" data-widget_type=\"text-editor.default\">\n\t\t\t\t<div class=\"elementor-widget-container\">\n\t\t\t\t\t\t\t\t\t<div class=\"page\" title=\"Page 9\"><div class=\"section\"><div class=\"layoutArea\"><div class=\"column\"><p class=\"p1\">Certaines marques font des campagnes.<br \/>D\u2019autres font Burning Bar.<br \/><b>Et vous ?<\/b><\/p><p class=\"p1\">Burning Bar est un studio, mais aussi un lieu d\u2019exp\u00e9riences.<br \/>Privatisations, activations de marque, \u00e9v\u00e9nements d\u2019\u00e9quipe, collaborations cr\u00e9atives ou gifting \u2014 nous imaginons avec vous des moments m\u00e9morables pour votre communaut\u00e9 ou vos \u00e9quipes.<\/p><\/div><\/div><\/div><\/div>\t\t\t\t\t\t\t\t<\/div>\n\t\t\t\t<\/div>\n\t\t\t\t<div class=\"elementor-element elementor-element-350cb17 elementor-widget elementor-widget-heading\" data-id=\"350cb17\" data-element_type=\"widget\" data-e-type=\"widget\" data-widget_type=\"heading.default\">\n\t\t\t\t<div class=\"elementor-widget-container\">\n\t\t\t\t\t<h6 class=\"elementor-heading-title elementor-size-default\">Ils nous ont fait confiance<\/h6>\t\t\t\t<\/div>\n\t\t\t\t<\/div>\n\t\t\t\t<div class=\"elementor-element elementor-element-4f2b709 elementor-widget elementor-widget-n-carousel\" data-id=\"4f2b709\" data-element_type=\"widget\" data-e-type=\"widget\" data-settings=\"{&quot;carousel_items&quot;:[{&quot;_id&quot;:&quot;456332a&quot;,&quot;slide_title&quot;:&quot;Kylie Cosmetics&quot;},{&quot;_id&quot;:&quot;fe99aa4&quot;,&quot;slide_title&quot;:&quot;Alo&quot;},{&quot;_id&quot;:&quot;997158f&quot;,&quot;slide_title&quot;:&quot;Stanley&quot;}],&quot;slides_to_show_tablet&quot;:&quot;3&quot;,&quot;slides_to_show_mobile&quot;:&quot;3&quot;,&quot;speed&quot;:500,&quot;image_spacing_custom&quot;:{&quot;unit&quot;:&quot;px&quot;,&quot;size&quot;:10,&quot;sizes&quot;:[]},&quot;image_spacing_custom_tablet&quot;:{&quot;unit&quot;:&quot;px&quot;,&quot;size&quot;:&quot;&quot;,&quot;sizes&quot;:[]},&quot;image_spacing_custom_mobile&quot;:{&quot;unit&quot;:&quot;px&quot;,&quot;size&quot;:&quot;&quot;,&quot;sizes&quot;:[]}}\" data-widget_type=\"nested-carousel.default\">\n\t\t\t\t<div class=\"elementor-widget-container\">\n\t\t\t\t\t\t\t<div class=\"e-n-carousel swiper\" role=\"region\" aria-roledescription=\"carousel\" aria-label=\"Carousel\" dir=\"ltr\">\n\t\t\t<div class=\"swiper-wrapper\" aria-live=\"polite\">\n\t\t\t\t\t\t\t\t\t\t<div class=\"swiper-slide\" data-slide=\"1\" role=\"group\" aria-roledescription=\"slide\" aria-label=\"1 sur 3\">\n\t\t\t\t\t\t\t<div class=\"elementor-element elementor-element-8020344 e-flex e-con-boxed e-con e-child\" data-id=\"8020344\" data-element_type=\"container\" data-e-type=\"container\">\n\t\t\t\t\t<div class=\"e-con-inner\">\n\t\t\t\t<div class=\"elementor-element elementor-element-6a0b698 elementor-widget elementor-widget-image\" data-id=\"6a0b698\" data-element_type=\"widget\" data-e-type=\"widget\" data-widget_type=\"image.default\">\n\t\t\t\t<div class=\"elementor-widget-container\">\n\t\t\t\t\t\t\t\t\t\t\t\t\t\t\t\t<a href=\"http:\/\/kyliecosmetics.com\/\" target=\"_blank\">\n\t\t\t\t\t\t\t<img fetchpriority=\"high\" decoding=\"async\" width=\"1024\" height=\"537\" src=\"https:\/\/burningbar.fr\/wp-content\/uploads\/2026\/03\/logo-Kylie-cosmetics-1024x537.png\" class=\"attachment-large size-large wp-image-15636\" alt=\"\" srcset=\"https:\/\/burningbar.fr\/wp-content\/uploads\/2026\/03\/logo-Kylie-cosmetics-1024x537.png 1024w, https:\/\/burningbar.fr\/wp-content\/uploads\/2026\/03\/logo-Kylie-cosmetics-300x157.png 300w, https:\/\/burningbar.fr\/wp-content\/uploads\/2026\/03\/logo-Kylie-cosmetics-768x402.png 768w, https:\/\/burningbar.fr\/wp-content\/uploads\/2026\/03\/logo-Kylie-cosmetics-18x9.png 18w, https:\/\/burningbar.fr\/wp-content\/uploads\/2026\/03\/logo-Kylie-cosmetics-600x314.png 600w, https:\/\/burningbar.fr\/wp-content\/uploads\/2026\/03\/logo-Kylie-cosmetics.png 1080w\" sizes=\"(max-width: 1024px) 100vw, 1024px\" \/>\t\t\t\t\t\t\t\t<\/a>\n\t\t\t\t\t\t\t\t\t\t\t\t\t\t\t<\/div>\n\t\t\t\t<\/div>\n\t\t\t\t\t<\/div>\n\t\t\t\t<\/div>\n\t\t\t\t\t\t\t\t<\/div>\n\t\t\t\t\t\t\t\t\t\t\t<div class=\"swiper-slide\" data-slide=\"2\" role=\"group\" aria-roledescription=\"slide\" aria-label=\"2 sur 3\">\n\t\t\t\t\t\t\t<div class=\"elementor-element elementor-element-09605e4 e-flex e-con-boxed e-con e-child\" data-id=\"09605e4\" data-element_type=\"container\" data-e-type=\"container\">\n\t\t\t\t\t<div class=\"e-con-inner\">\n\t\t\t\t<div class=\"elementor-element elementor-element-096a175 elementor-widget elementor-widget-image\" data-id=\"096a175\" data-element_type=\"widget\" data-e-type=\"widget\" data-widget_type=\"image.default\">\n\t\t\t\t<div class=\"elementor-widget-container\">\n\t\t\t\t\t\t\t\t\t\t\t\t\t\t\t\t<a href=\"https:\/\/www.aloyoga.com\/\" target=\"_blank\">\n\t\t\t\t\t\t\t<img decoding=\"async\" width=\"1024\" height=\"537\" src=\"https:\/\/burningbar.fr\/wp-content\/uploads\/2026\/03\/logo-alo-yoga-1024x537.png\" class=\"attachment-large size-large wp-image-15643\" alt=\"\" srcset=\"https:\/\/burningbar.fr\/wp-content\/uploads\/2026\/03\/logo-alo-yoga-1024x537.png 1024w, https:\/\/burningbar.fr\/wp-content\/uploads\/2026\/03\/logo-alo-yoga-300x157.png 300w, https:\/\/burningbar.fr\/wp-content\/uploads\/2026\/03\/logo-alo-yoga-768x402.png 768w, https:\/\/burningbar.fr\/wp-content\/uploads\/2026\/03\/logo-alo-yoga-18x9.png 18w, https:\/\/burningbar.fr\/wp-content\/uploads\/2026\/03\/logo-alo-yoga-600x314.png 600w, https:\/\/burningbar.fr\/wp-content\/uploads\/2026\/03\/logo-alo-yoga.png 1080w\" sizes=\"(max-width: 1024px) 100vw, 1024px\" \/>\t\t\t\t\t\t\t\t<\/a>\n\t\t\t\t\t\t\t\t\t\t\t\t\t\t\t<\/div>\n\t\t\t\t<\/div>\n\t\t\t\t\t<\/div>\n\t\t\t\t<\/div>\n\t\t\t\t\t\t\t\t<\/div>\n\t\t\t\t\t\t\t\t\t\t\t<div class=\"swiper-slide\" data-slide=\"3\" role=\"group\" aria-roledescription=\"slide\" aria-label=\"3 sur 3\">\n\t\t\t\t\t\t\t<div class=\"elementor-element elementor-element-f8987c4 e-flex e-con-boxed e-con e-child\" data-id=\"f8987c4\" data-element_type=\"container\" data-e-type=\"container\">\n\t\t\t\t\t<div class=\"e-con-inner\">\n\t\t\t\t<div class=\"elementor-element elementor-element-dee79dd elementor-widget elementor-widget-image\" data-id=\"dee79dd\" data-element_type=\"widget\" data-e-type=\"widget\" data-widget_type=\"image.default\">\n\t\t\t\t<div class=\"elementor-widget-container\">\n\t\t\t\t\t\t\t\t\t\t\t\t\t\t\t\t<a href=\"https:\/\/www.stanley1913.com\/\" target=\"_blank\">\n\t\t\t\t\t\t\t<img decoding=\"async\" width=\"1024\" height=\"537\" src=\"https:\/\/burningbar.fr\/wp-content\/uploads\/2026\/03\/logo-stanley-1024x537.png\" class=\"attachment-large size-large wp-image-15601\" alt=\"\" srcset=\"https:\/\/burningbar.fr\/wp-content\/uploads\/2026\/03\/logo-stanley-1024x537.png 1024w, https:\/\/burningbar.fr\/wp-content\/uploads\/2026\/03\/logo-stanley-300x157.png 300w, https:\/\/burningbar.fr\/wp-content\/uploads\/2026\/03\/logo-stanley-768x402.png 768w, https:\/\/burningbar.fr\/wp-content\/uploads\/2026\/03\/logo-stanley-18x9.png 18w, https:\/\/burningbar.fr\/wp-content\/uploads\/2026\/03\/logo-stanley-600x314.png 600w, https:\/\/burningbar.fr\/wp-content\/uploads\/2026\/03\/logo-stanley.png 1080w\" sizes=\"(max-width: 1024px) 100vw, 1024px\" \/>\t\t\t\t\t\t\t\t<\/a>\n\t\t\t\t\t\t\t\t\t\t\t\t\t\t\t<\/div>\n\t\t\t\t<\/div>\n\t\t\t\t\t<\/div>\n\t\t\t\t<\/div>\n\t\t\t\t\t\t\t\t<\/div>\n\t\t\t\t\t\t\t\t<\/div>\n\t\t<\/div>\n\t\t\t\t\t\t<\/div>\n\t\t\t\t<\/div>\n\t\t\t\t\t<\/div>\n\t\t<\/div>\n\t\t\t\t<div class=\"elementor-column elementor-col-50 elementor-top-column elementor-element elementor-element-44a36a4\" data-id=\"44a36a4\" data-element_type=\"column\" data-e-type=\"column\">\n\t\t\t<div class=\"elementor-widget-wrap elementor-element-populated\">\n\t\t\t\t\t\t<div class=\"elementor-element elementor-element-22210e7 elementor-widget elementor-widget-qi_addons_for_elementor_contact_form_7\" data-id=\"22210e7\" data-element_type=\"widget\" data-e-type=\"widget\" data-widget_type=\"qi_addons_for_elementor_contact_form_7.default\">\n\t\t\t\t<div class=\"elementor-widget-container\">\n\t\t\t\t\t<div class=\"qodef-shortcode qodef-m qodef-qi-contact-form-7\">\n\t\n<div class=\"wpcf7 no-js\" id=\"wpcf7-f15616-o1\" lang=\"en-US\" dir=\"ltr\" data-wpcf7-id=\"15616\">\n<div class=\"screen-reader-response\"><p role=\"status\" aria-live=\"polite\" aria-atomic=\"true\"><\/p> <ul><\/ul><\/div>\n<form action=\"\/en\/wp-json\/wp\/v2\/pages\/15612#wpcf7-f15616-o1\" method=\"post\" class=\"wpcf7-form init cf7mls-no-scroll cf7mls-no-moving-animation\" aria-label=\"Contact form\" novalidate=\"novalidate\" data-status=\"init\">\n<fieldset class=\"hidden-fields-container\"><input type=\"hidden\" name=\"_wpcf7\" value=\"15616\" \/><input type=\"hidden\" name=\"_wpcf7_version\" value=\"6.1.5\" \/><input type=\"hidden\" name=\"_wpcf7_locale\" value=\"en_US\" \/><input type=\"hidden\" name=\"_wpcf7_unit_tag\" value=\"wpcf7-f15616-o1\" \/><input type=\"hidden\" name=\"_wpcf7_container_post\" value=\"0\" \/><input type=\"hidden\" name=\"_wpcf7_posted_data_hash\" value=\"\" \/>\n<\/fieldset>\n<div class=\"qodef-main-contact-form\">\n\n <div>\n  <h2>Contact<\/h2>\n  <div class=\"qodef-contact-form-data\" style=\"position: relative; z-index: 100;\">\n   <div class=\"qodef-contact-form-name\">\n    <span class=\"wpcf7-form-control-wrap\" data-name=\"prenom\"><input size=\"40\" maxlength=\"400\" class=\"wpcf7-form-control wpcf7-text wpcf7-validates-as-required\" aria-required=\"true\" aria-invalid=\"false\" placeholder=\"Pr\u00e9nom\" value=\"\" type=\"text\" name=\"prenom\" \/><\/span> \n   <\/div>\n   <div class=\"qodef-contact-nom\">\n    <span class=\"wpcf7-form-control-wrap\" data-name=\"nom\"><input size=\"40\" maxlength=\"400\" class=\"wpcf7-form-control wpcf7-text wpcf7-validates-as-required\" aria-required=\"true\" aria-invalid=\"false\" placeholder=\"Nom\" value=\"\" type=\"text\" name=\"nom\" \/><\/span>\n   <\/div>\n  <\/div>\n  <span class=\"wpcf7-form-control-wrap\" data-name=\"company\"><input size=\"40\" maxlength=\"400\" class=\"wpcf7-form-control wpcf7-text wpcf7-validates-as-required\" aria-required=\"true\" aria-invalid=\"false\" placeholder=\"Entreprise \/ Marque\" value=\"\" type=\"text\" name=\"company\" \/><\/span>\n  <span class=\"wpcf7-form-control-wrap\" data-name=\"email\"><input size=\"40\" maxlength=\"400\" class=\"wpcf7-form-control wpcf7-email wpcf7-validates-as-required wpcf7-text wpcf7-validates-as-email\" aria-required=\"true\" aria-invalid=\"false\" placeholder=\"Email\" value=\"\" type=\"email\" name=\"email\" \/><\/span> \n  <span class=\"wpcf7-form-control-wrap\" data-name=\"tel\"><input size=\"40\" maxlength=\"400\" class=\"wpcf7-form-control wpcf7-tel wpcf7-validates-as-required wpcf7-text wpcf7-validates-as-tel\" aria-required=\"true\" aria-invalid=\"false\" placeholder=\"T\u00e9l\u00e9phone\" value=\"\" type=\"tel\" name=\"tel\" \/><\/span>\n <\/div>\n\n <div>\n  <h2>Votre projet<\/h2>\n  <div style=\"margin-top:20px; font-size: 18px;\">\n   <span>Quel type de projet souhaitez-vous organiser ?<\/span>\n   <span class=\"wpcf7-form-control-wrap\" data-name=\"type\"><select class=\"wpcf7-form-control wpcf7-select wpcf7-validates-as-required\" aria-required=\"true\" aria-invalid=\"false\" name=\"type\"><option value=\"Privatisation du studio\">Privatisation du studio<\/option><option value=\"\u00c9v\u00e9nement d\u2019\u00e9quipe\">\u00c9v\u00e9nement d\u2019\u00e9quipe<\/option><option value=\"Activation de marque\">Activation de marque<\/option><option value=\"Collaboration produit\">Collaboration produit<\/option><option value=\"Takeover\">Takeover<\/option><option value=\"Gifting entreprise\">Gifting entreprise<\/option><option value=\"Autre\">Autre<\/option><\/select><\/span> \n  <\/div>\n  <div style=\"margin-top:20px; font-size: 18px;\">\n   <span>Parlez-nous de votre projet.<\/span>\n   <span class=\"wpcf7-form-control-wrap\" data-name=\"projet\"><textarea cols=\"40\" rows=\"10\" maxlength=\"2000\" class=\"wpcf7-form-control wpcf7-textarea\" aria-invalid=\"false\" name=\"projet\"><\/textarea><\/span>\n  <\/div>\n <\/div>\n\n <div>\n  <h2>D\u00e9tails de l\u2019\u00e9v\u00e9nement<\/h2>\n  <div style=\"margin-top:20px; font-size: 18px;\">\n   <span>Date souhait\u00e9e<\/span>\n   <span class=\"wpcf7-form-control-wrap\" data-name=\"date\"><input class=\"wpcf7-form-control wpcf7-date wpcf7-validates-as-required wpcf7-validates-as-date\" aria-required=\"true\" aria-invalid=\"false\" value=\"\" type=\"date\" name=\"date\" \/><\/span>\n  <\/div>\n  <div style=\"margin-top:20px; font-size: 18px;\">\n   <span>Nombre de participants estim\u00e9<\/span>\n   <span class=\"wpcf7-form-control-wrap\" data-name=\"participants\"><input size=\"40\" maxlength=\"400\" class=\"wpcf7-form-control wpcf7-text wpcf7-validates-as-required\" aria-required=\"true\" aria-invalid=\"false\" value=\"\" type=\"text\" name=\"participants\" \/><\/span>\n  <\/div>\n  <div style=\"margin-top:20px; font-size: 18px;\">\n   <span>Studio souhait\u00e9<\/span>\n   <span class=\"wpcf7-form-control-wrap\" data-name=\"studio\"><select class=\"wpcf7-form-control wpcf7-select wpcf7-validates-as-required\" aria-required=\"true\" aria-invalid=\"false\" name=\"studio\"><option value=\"Paris 16\">Paris 16<\/option><option value=\"Paris 7\">Paris 7<\/option><option value=\"Flexible\">Flexible<\/option><option value=\"Outdoor\">Outdoor<\/option><\/select><\/span>\n  <\/div>\n <\/div>\n\n <div>\n  <h2>Exp\u00e9rience souhait\u00e9e<\/h2>\n  <div style=\"margin-top:20px; font-size: 18px;\">\n   <span>Quel type d\u2019exp\u00e9rience vous int\u00e9resse ?<\/span>\n   <span class=\"wpcf7-form-control-wrap\" data-name=\"experience\"><select class=\"wpcf7-form-control wpcf7-select wpcf7-validates-as-required\" aria-required=\"true\" aria-invalid=\"false\" name=\"experience\"><option value=\"Hot Pilates\">Hot Pilates<\/option><option value=\"Yoga\">Yoga<\/option><option value=\"Barre\">Barre<\/option><option value=\"M\u00e9ditation\">M\u00e9ditation<\/option><option value=\"Cardio\">Cardio<\/option><option value=\"Mix de plusieurs cours\">Mix de plusieurs cours<\/option><option value=\"Je ne sais pas encore\">Je ne sais pas encore<\/option><\/select><\/span>\n  <\/div>\n <\/div>\n\n <div>\n  <h2>Budget<\/h2>\n  <div style=\"margin-top:20px; font-size: 18px;\">\n   <span>Quel budget avez-vous en t\u00eate ?<\/span>\n   <span class=\"wpcf7-form-control-wrap\" data-name=\"budget\"><select class=\"wpcf7-form-control wpcf7-select wpcf7-validates-as-required\" aria-required=\"true\" aria-invalid=\"false\" name=\"budget\"><option value=\"\">&#8212;Please choose an option&#8212;<\/option><option value=\"Moins de 1 000\u20ac\">Moins de 1 000\u20ac<\/option><option value=\"1 000 \u2013 3 000\u20ac\">1 000 \u2013 3 000\u20ac<\/option><option value=\"3 000 \u2013 5 000\u20ac\">3 000 \u2013 5 000\u20ac<\/option><option value=\"5 000\u20ac+\">5 000\u20ac+<\/option><\/select><\/span>\n  <\/div>\n <\/div>\n\n <div class=\"qodef-submit\">\n   <button class=\"wpcf7-form-control wpcf7-submit qodef-button qodef-size--normal qodef-layout--filled qodef-m\" type=\"submit\"><span class=\"qodef-m-text\">Faire une demande<\/span><\/button>\n <\/div>\n\n<\/div><div class=\"wpcf7-response-output\" aria-hidden=\"true\"><\/div>\n<\/form>\n<\/div>\n<\/div>\n\t\t\t\t<\/div>\n\t\t\t\t<\/div>\n\t\t\t\t\t<\/div>\n\t\t<\/div>\n\t\t\t\t\t<\/div>\n\t\t<\/section>\n\t\t\t\t<\/div>\n\t\t","protected":false},"excerpt":{"rendered":"<p>Brand Experiences. Certaines marques font des campagnes.D\u2019autres font Burning Bar.Et vous ? Burning Bar est un studio, mais aussi un lieu d\u2019exp\u00e9riences.Privatisations, activations de marque, \u00e9v\u00e9nements d\u2019\u00e9quipe, collaborations cr\u00e9atives ou gifting \u2014 nous imaginons avec vous des moments m\u00e9morables pour votre communaut\u00e9 ou vos \u00e9quipes. Ils nous ont fait confiance Contact Votre projet Quel type [&hellip;]<\/p>\n","protected":false},"author":2,"featured_media":0,"parent":0,"menu_order":0,"comment_status":"closed","ping_status":"closed","template":"page-full-width.php","meta":{"_coblocks_attr":"","_coblocks_dimensions":"","_coblocks_responsive_height":"","_coblocks_accordion_ie_support":"","inline_featured_image":false,"footnotes":""},"class_list":["post-15612","page","type-page","status-publish","hentry"],"_links":{"self":[{"href":"https:\/\/burningbar.fr\/en\/wp-json\/wp\/v2\/pages\/15612","targetHints":{"allow":["GET"]}}],"collection":[{"href":"https:\/\/burningbar.fr\/en\/wp-json\/wp\/v2\/pages"}],"about":[{"href":"https:\/\/burningbar.fr\/en\/wp-json\/wp\/v2\/types\/page"}],"author":[{"embeddable":true,"href":"https:\/\/burningbar.fr\/en\/wp-json\/wp\/v2\/users\/2"}],"replies":[{"embeddable":true,"href":"https:\/\/burningbar.fr\/en\/wp-json\/wp\/v2\/comments?post=15612"}],"version-history":[{"count":28,"href":"https:\/\/burningbar.fr\/en\/wp-json\/wp\/v2\/pages\/15612\/revisions"}],"predecessor-version":[{"id":15673,"href":"https:\/\/burningbar.fr\/en\/wp-json\/wp\/v2\/pages\/15612\/revisions\/15673"}],"wp:attachment":[{"href":"https:\/\/burningbar.fr\/en\/wp-json\/wp\/v2\/media?parent=15612"}],"curies":[{"name":"wp","href":"https:\/\/api.w.org\/{rel}","templated":true}]}}