{"id":15209,"date":"2026-01-18T14:26:32","date_gmt":"2026-01-18T14:26:32","guid":{"rendered":"https:\/\/burningbar.fr\/?page_id=15209"},"modified":"2026-02-12T17:17:54","modified_gmt":"2026-02-12T17:17:54","slug":"the-reformer-room","status":"publish","type":"page","link":"https:\/\/burningbar.fr\/en\/the-reformer-room\/","title":{"rendered":"The Reformer Room"},"content":{"rendered":"<div data-elementor-type=\"wp-page\" data-elementor-id=\"15209\" class=\"elementor elementor-15209\" data-elementor-post-type=\"page\">\n\t\t\t\t\t\t<section class=\"elementor-section elementor-top-section elementor-element elementor-element-dfa40e4 elementor-section-full_width elementor-section-height-default elementor-section-height-default qodef-elementor-content-no qodef-elementor-back-btn-skin-default qodef-section-title-text-holder-no qodef-section-line-animation-holder-no\" data-id=\"dfa40e4\" data-element_type=\"section\" data-e-type=\"section\">\n\t\t\t\t\t\t<div class=\"elementor-container elementor-column-gap-default\">\n\t\t\t\t\t<div class=\"elementor-column elementor-col-100 elementor-top-column elementor-element elementor-element-dc0b2d3\" data-id=\"dc0b2d3\" data-element_type=\"column\" data-e-type=\"column\">\n\t\t\t<div class=\"elementor-widget-wrap elementor-element-populated\">\n\t\t\t\t<div class=\"elementor-element elementor-element-1aa05a1 e-flex e-con-boxed e-con e-parent\" data-id=\"1aa05a1\" data-element_type=\"container\" data-e-type=\"container\">\n\t\t\t\t\t<div class=\"e-con-inner\">\n\t\t\t\t<div class=\"elementor-element elementor-element-4c05552 elementor-widget elementor-widget-heading\" data-id=\"4c05552\" data-element_type=\"widget\" data-e-type=\"widget\" data-widget_type=\"heading.default\">\n\t\t\t\t<div class=\"elementor-widget-container\">\n\t\t\t\t\t<h1 class=\"elementor-heading-title elementor-size-default\">THE REFORMER <br>\nROOM.<\/h1>\t\t\t\t<\/div>\n\t\t\t\t<\/div>\n\t\t\t\t<div class=\"elementor-element elementor-element-33d2f96 elementor-widget elementor-widget-heading\" data-id=\"33d2f96\" data-element_type=\"widget\" data-e-type=\"widget\" id=\"planning\" data-widget_type=\"heading.default\">\n\t\t\t\t<div class=\"elementor-widget-container\">\n\t\t\t\t\t<h2 class=\"elementor-heading-title elementor-size-default\">THE SCHEDULE.<\/h2>\t\t\t\t<\/div>\n\t\t\t\t<\/div>\n\t\t\t\t<div class=\"elementor-element elementor-element-40ec657 elementor-widget elementor-widget-html\" data-id=\"40ec657\" data-element_type=\"widget\" data-e-type=\"widget\" data-widget_type=\"html.default\">\n\t\t\t\t<div class=\"elementor-widget-container\">\n\t\t\t\t\t<!-- Mindbody Schedules widget begin -->\n<div class=\"mindbody-widget\" data-widget-type=\"Schedules\" data-widget-id=\"4d43192e50a\"><\/div>\n<script async src=\"https:\/\/brandedweb.mindbodyonline.com\/embed\/widget.js\"><\/script>\n<!-- Mindbody Schedules widget end -->\t\t\t\t<\/div>\n\t\t\t\t<\/div>\n\t\t\t\t<div class=\"elementor-element elementor-element-8e8f619 elementor-widget elementor-widget-heading\" data-id=\"8e8f619\" data-element_type=\"widget\" data-e-type=\"widget\" data-widget_type=\"heading.default\">\n\t\t\t\t<div class=\"elementor-widget-container\">\n\t\t\t\t\t<h3 class=\"elementor-heading-title elementor-size-default\">BURN SMART, <br>NOT HARD.<\/h3>\t\t\t\t<\/div>\n\t\t\t\t<\/div>\n\t\t\t\t<div class=\"elementor-element elementor-element-45ff676 elementor-widget elementor-widget-text-editor\" data-id=\"45ff676\" data-element_type=\"widget\" data-e-type=\"widget\" data-widget_type=\"text-editor.default\">\n\t\t\t\t<div class=\"elementor-widget-container\">\n\t\t\t\t\t\t\t\t\t<ul class=\"ul1\"><li class=\"li1\"><b>3 Reformers. 1 Tower. Only 3 spots per class.<\/b><br \/>\u2192 <b>Semi-private. Precise. Real corrections. Visible results.<\/b><b><\/b><\/li><li class=\"li1\">The Reformer is <b>intelligent Pilates<\/b> :<br \/>it <b>sculpts<\/b>, <b>lengthens<\/b>, <b>and strengthens deeply<\/b> \u2014 <b>no impact<\/b> and <b>no shortcuts<\/b>.<\/li><li class=\"li1\"><b style=\"letter-spacing: 0.02em;\">Control \u2022 Precision \u2022 Elegance<\/b><\/li><\/ul>\t\t\t\t\t\t\t\t<\/div>\n\t\t\t\t<\/div>\n\t\t\t\t<div class=\"elementor-element elementor-element-79c4731 elementor-widget elementor-widget-heading\" data-id=\"79c4731\" data-element_type=\"widget\" data-e-type=\"widget\" id=\"packs\" data-widget_type=\"heading.default\">\n\t\t\t\t<div class=\"elementor-widget-container\">\n\t\t\t\t\t<h2 class=\"elementor-heading-title elementor-size-default\">OUR PACKS.<\/h2>\t\t\t\t<\/div>\n\t\t\t\t<\/div>\n\t\t<div class=\"elementor-element elementor-element-f654530 e-grid e-con-full e-con e-child\" data-id=\"f654530\" data-element_type=\"container\" data-e-type=\"container\">\n\t\t<div class=\"elementor-element elementor-element-9688590 e-con-full e-flex e-con e-child\" data-id=\"9688590\" data-element_type=\"container\" data-e-type=\"container\">\n\t\t\t\t<div class=\"elementor-element elementor-element-1411816 elementor-widget elementor-widget-text-editor\" data-id=\"1411816\" data-element_type=\"widget\" data-e-type=\"widget\" data-widget_type=\"text-editor.default\">\n\t\t\t\t<div class=\"elementor-widget-container\">\n\t\t\t\t\t\t\t\t\t<p class=\"p1\"><b>THE TRY ME<\/b><strong>.<\/strong><br \/>2 sessions<\/p><p><strong>99\u20ac<\/strong><\/p><p><em>Valid for 1 month<\/em><br \/><em>(valid for 1 month)<\/em><\/p>\t\t\t\t\t\t\t\t<\/div>\n\t\t\t\t<\/div>\n\t\t\t\t<div class=\"elementor-element elementor-element-e208a54 elementor-widget elementor-widget-html\" data-id=\"e208a54\" data-element_type=\"widget\" data-e-type=\"widget\" data-widget_type=\"html.default\">\n\t\t\t\t<div class=\"elementor-widget-container\">\n\t\t\t\t\t<script src=\"https:\/\/widgets.mindbodyonline.com\/javascripts\/healcode.js\" type=\"text\/javascript\"><\/script><healcode-widget data-version=\"0.2\" data-link-class=\"healcode-pricing-option-text-link\" data-site-id=\"116060\" data-mb-site-id=\"5734191\" data-service-id=\"101556\" data-bw-identity-site=\"true\" data-type=\"pricing-link\" data-inner-html=\"Buy Now\" \/>\t\t\t\t<\/div>\n\t\t\t\t<\/div>\n\t\t\t\t<\/div>\n\t\t<div class=\"elementor-element elementor-element-d53ad6a e-con-full e-flex e-con e-child\" data-id=\"d53ad6a\" data-element_type=\"container\" data-e-type=\"container\">\n\t\t\t\t<div class=\"elementor-element elementor-element-4718c0b elementor-widget elementor-widget-text-editor\" data-id=\"4718c0b\" data-element_type=\"widget\" data-e-type=\"widget\" data-widget_type=\"text-editor.default\">\n\t\t\t\t<div class=\"elementor-widget-container\">\n\t\t\t\t\t\t\t\t\t<p class=\"p1\"><b>ONE SHOT<\/b><strong>.<\/strong><br \/>1 session<\/p><p><strong>65\u20ac<\/strong><\/p><p><em>Valid for 1 month<\/em><\/p><p>\u00a0<\/p>\t\t\t\t\t\t\t\t<\/div>\n\t\t\t\t<\/div>\n\t\t\t\t<div class=\"elementor-element elementor-element-ecc828f elementor-widget elementor-widget-html\" data-id=\"ecc828f\" data-element_type=\"widget\" data-e-type=\"widget\" data-widget_type=\"html.default\">\n\t\t\t\t<div class=\"elementor-widget-container\">\n\t\t\t\t\t<script src=\"https:\/\/widgets.mindbodyonline.com\/javascripts\/healcode.js\" type=\"text\/javascript\"><\/script><healcode-widget data-version=\"0.2\" data-link-class=\"healcode-pricing-option-text-link\" data-site-id=\"116060\" data-mb-site-id=\"5734191\" data-service-id=\"101502\" data-bw-identity-site=\"true\" data-type=\"pricing-link\" data-inner-html=\"Buy Now\" \/>\t\t\t\t<\/div>\n\t\t\t\t<\/div>\n\t\t\t\t<\/div>\n\t\t<div class=\"elementor-element elementor-element-ce561a6 e-con-full e-flex e-con e-child\" data-id=\"ce561a6\" data-element_type=\"container\" data-e-type=\"container\">\n\t\t\t\t<div class=\"elementor-element elementor-element-ca9b59b elementor-widget elementor-widget-text-editor\" data-id=\"ca9b59b\" data-element_type=\"widget\" data-e-type=\"widget\" data-widget_type=\"text-editor.default\">\n\t\t\t\t<div class=\"elementor-widget-container\">\n\t\t\t\t\t\t\t\t\t<p class=\"p1\"><b>SHORT BUT HOT<\/b><strong>.<\/strong><br \/>4 sessions<\/p><p><strong>255\u20ac<\/strong><\/p><p><em>Valid for 1 month<\/em><\/p>\t\t\t\t\t\t\t\t<\/div>\n\t\t\t\t<\/div>\n\t\t\t\t<div class=\"elementor-element elementor-element-e72735c elementor-widget elementor-widget-html\" data-id=\"e72735c\" data-element_type=\"widget\" data-e-type=\"widget\" data-widget_type=\"html.default\">\n\t\t\t\t<div class=\"elementor-widget-container\">\n\t\t\t\t\t<script src=\"https:\/\/widgets.mindbodyonline.com\/javascripts\/healcode.js\" type=\"text\/javascript\"><\/script><healcode-widget data-version=\"0.2\" data-link-class=\"healcode-pricing-option-text-link\" data-site-id=\"116060\" data-mb-site-id=\"5734191\" data-service-id=\"101506\" data-bw-identity-site=\"true\" data-type=\"pricing-link\" data-inner-html=\"Buy Now\" \/>\t\t\t\t<\/div>\n\t\t\t\t<\/div>\n\t\t\t\t<\/div>\n\t\t<div class=\"elementor-element elementor-element-17fc925 e-con-full e-flex e-con e-child\" data-id=\"17fc925\" data-element_type=\"container\" data-e-type=\"container\">\n\t\t\t\t<div class=\"elementor-element elementor-element-5a0e7ce elementor-widget elementor-widget-text-editor\" data-id=\"5a0e7ce\" data-element_type=\"widget\" data-e-type=\"widget\" data-widget_type=\"text-editor.default\">\n\t\t\t\t<div class=\"elementor-widget-container\">\n\t\t\t\t\t\t\t\t\t<p class=\"p1\"><b>BURNING ROUTINE.<\/b><\/p><p class=\"p1\">8 sessions<\/p><p><strong>488\u20ac<\/strong><\/p><p><em>Valid for 3 months<\/em><\/p>\t\t\t\t\t\t\t\t<\/div>\n\t\t\t\t<\/div>\n\t\t\t\t<div class=\"elementor-element elementor-element-51520dd elementor-widget elementor-widget-html\" data-id=\"51520dd\" data-element_type=\"widget\" data-e-type=\"widget\" data-widget_type=\"html.default\">\n\t\t\t\t<div class=\"elementor-widget-container\">\n\t\t\t\t\t<script src=\"https:\/\/widgets.mindbodyonline.com\/javascripts\/healcode.js\" type=\"text\/javascript\"><\/script><healcode-widget data-version=\"0.2\" data-link-class=\"healcode-pricing-option-text-link\" data-site-id=\"116060\" data-mb-site-id=\"5734191\" data-service-id=\"101507\" data-bw-identity-site=\"true\" data-type=\"pricing-link\" data-inner-html=\"Buy Now\" \/>\t\t\t\t<\/div>\n\t\t\t\t<\/div>\n\t\t\t\t<\/div>\n\t\t<div class=\"elementor-element elementor-element-17224a4 e-con-full e-flex e-con e-child\" data-id=\"17224a4\" data-element_type=\"container\" data-e-type=\"container\">\n\t\t\t\t<div class=\"elementor-element elementor-element-1264bff elementor-widget elementor-widget-text-editor\" data-id=\"1264bff\" data-element_type=\"widget\" data-e-type=\"widget\" data-widget_type=\"text-editor.default\">\n\t\t\t\t<div class=\"elementor-widget-container\">\n\t\t\t\t\t\t\t\t\t<p class=\"p1\"><b>THE DEDICATED.<\/b><\/p><p class=\"p1\">12 sessions<\/p><p><strong>666\u20ac<\/strong><\/p><p><em>Valid for 6 months<\/em><\/p>\t\t\t\t\t\t\t\t<\/div>\n\t\t\t\t<\/div>\n\t\t\t\t<div class=\"elementor-element elementor-element-48c0dca elementor-widget elementor-widget-html\" data-id=\"48c0dca\" data-element_type=\"widget\" data-e-type=\"widget\" data-widget_type=\"html.default\">\n\t\t\t\t<div class=\"elementor-widget-container\">\n\t\t\t\t\t<script src=\"https:\/\/widgets.mindbodyonline.com\/javascripts\/healcode.js\" type=\"text\/javascript\"><\/script><healcode-widget data-version=\"0.2\" data-link-class=\"healcode-pricing-option-text-link\" data-site-id=\"116060\" data-mb-site-id=\"5734191\" data-service-id=\"101508\" data-bw-identity-site=\"true\" data-type=\"pricing-link\" data-inner-html=\"Buy Now\" \/>\t\t\t\t<\/div>\n\t\t\t\t<\/div>\n\t\t\t\t<\/div>\n\t\t<div class=\"elementor-element elementor-element-92cb0e0 e-con-full e-flex e-con e-child\" data-id=\"92cb0e0\" data-element_type=\"container\" data-e-type=\"container\">\n\t\t\t\t<div class=\"elementor-element elementor-element-8137d1e elementor-widget elementor-widget-text-editor\" data-id=\"8137d1e\" data-element_type=\"widget\" data-e-type=\"widget\" data-widget_type=\"text-editor.default\">\n\t\t\t\t<div class=\"elementor-widget-container\">\n\t\t\t\t\t\t\t\t\t<p class=\"p1\"><b>THE 111 EXPERIENCE<\/b><b>.<\/b><\/p><p class=\"p1\">private session<\/p><p><strong>111\u20ac<\/strong><\/p><p>\u00a0<\/p>\t\t\t\t\t\t\t\t<\/div>\n\t\t\t\t<\/div>\n\t\t\t\t<div class=\"elementor-element elementor-element-c335ac5 elementor-widget elementor-widget-html\" data-id=\"c335ac5\" data-element_type=\"widget\" data-e-type=\"widget\" data-widget_type=\"html.default\">\n\t\t\t\t<div class=\"elementor-widget-container\">\n\t\t\t\t\t<script src=\"https:\/\/widgets.mindbodyonline.com\/javascripts\/healcode.js\" type=\"text\/javascript\"><\/script><healcode-widget data-version=\"0.2\" data-link-class=\"healcode-pricing-option-text-link\" data-site-id=\"116060\" data-mb-site-id=\"5734191\" data-service-id=\"101509\" data-bw-identity-site=\"true\" data-type=\"pricing-link\" data-inner-html=\"Buy Now\" \/>\t\t\t\t<\/div>\n\t\t\t\t<\/div>\n\t\t\t\t<\/div>\n\t\t\t\t<\/div>\n\t\t\t\t\t<\/div>\n\t\t\t\t<\/div>\n\t\t<div class=\"elementor-element elementor-element-ce442e7 e-flex e-con-boxed e-con e-parent\" data-id=\"ce442e7\" data-element_type=\"container\" data-e-type=\"container\">\n\t\t\t\t\t<div class=\"e-con-inner\">\n\t\t\t\t<div class=\"elementor-element elementor-element-af10881 elementor-widget elementor-widget-heading\" data-id=\"af10881\" data-element_type=\"widget\" data-e-type=\"widget\" id=\"good-to-know\" data-widget_type=\"heading.default\">\n\t\t\t\t<div class=\"elementor-widget-container\">\n\t\t\t\t\t<h2 class=\"elementor-heading-title elementor-size-default\">GOOD TO KNOW \u2014 <br>\nBEFORE YOU BURN.<\/h2>\t\t\t\t<\/div>\n\t\t\t\t<\/div>\n\t\t\t\t<div class=\"elementor-element elementor-element-52e0d47 elementor-widget elementor-widget-text-editor\" data-id=\"52e0d47\" data-element_type=\"widget\" data-e-type=\"widget\" data-widget_type=\"text-editor.default\">\n\t\t\t\t<div class=\"elementor-widget-container\">\n\t\t\t\t\t\t\t\t\t<p class=\"p1\"><b>3 Reformers. 3 people. 100% focus &amp; corrections<\/b><br \/>This is not a group workout \u2014 it is a <b>guided, semi-private micro-experience<\/b>.<\/p>\t\t\t\t\t\t\t\t<\/div>\n\t\t\t\t<\/div>\n\t\t\t\t<div class=\"elementor-element elementor-element-888ceb3 elementor-widget elementor-widget-qi_addons_for_elementor_process\" data-id=\"888ceb3\" data-element_type=\"widget\" data-e-type=\"widget\" data-widget_type=\"qi_addons_for_elementor_process.default\">\n\t\t\t\t<div class=\"elementor-widget-container\">\n\t\t\t\t\t<div class=\"qodef-shortcode qodef-m qodef-qi-process qodef-qi--has-appear qodef-qi-grid qodef-layout--qi-columns qodef-col-num--3 qodef-item-layout--horizontal qodef-responsive--predefined\">\n\t<div class=\"qodef-grid-inner\">\n\t\t<div class=\"qodef-e qodef-process-item qodef-grid-item elementor-repeater-item-e3014f5\">\n\t<div class=\"qodef-e-inner\">\n\t\t<div class=\"qodef-e-content\">\n\t\t\t<div class=\"qodef-e-icon-holder\">\n\t<div class=\"qodef-e-icon\">\n\t\t\t\t\t<span class=\"qodef-e-item-icon-text\">\n\t\t\t\t1.\t\t\t<\/span>\n\t\t\t<\/div>\n\t<div class=\"qodef-e-line\">\n\t\t<div class=\"qodef-e-line-inner\"><\/div>\n\t<\/div>\n<\/div>\n\t\t\t\t<h5 class=\"qodef-e-title\">\n\t\tARRIVAL &amp; ACCESS.\t<\/h5>\n\t\t\t\t<p class=\"qodef-e-text\">\n\t\tTo ensure quality and safety, please arrive <strong>10 minutes before the session begins.<\/strong>After <strong>5 minutes late<\/strong>, entry cannot be granted.\t<\/p>\n\t\t<\/div>\n\t<\/div>\n<\/div>\n<div class=\"qodef-e qodef-process-item qodef-grid-item elementor-repeater-item-0666b92\">\n\t<div class=\"qodef-e-inner\">\n\t\t<div class=\"qodef-e-content\">\n\t\t\t<div class=\"qodef-e-icon-holder\">\n\t<div class=\"qodef-e-icon\">\n\t\t\t\t\t<span class=\"qodef-e-item-icon-text\">\n\t\t\t\t2.\t\t\t<\/span>\n\t\t\t<\/div>\n\t<div class=\"qodef-e-line\">\n\t\t<div class=\"qodef-e-line-inner\"><\/div>\n\t<\/div>\n<\/div>\n\t\t\t\t<h5 class=\"qodef-e-title\">\n\t\tATTIRE &amp; EQUIPMENT.\t<\/h5>\n\t\t\t\t<p class=\"qodef-e-text\">\n\t\t- <strong>Grip socks required<\/strong> (available for purchase in-studio)<br>\n- Fitted activewear recommended for better alignment observation<br>\n- No equipment needed \u2014 everything is provided for you\t<\/p>\n\t\t<\/div>\n\t<\/div>\n<\/div>\n<div class=\"qodef-e qodef-process-item qodef-grid-item elementor-repeater-item-ff179bc\">\n\t<div class=\"qodef-e-inner\">\n\t\t<div class=\"qodef-e-content\">\n\t\t\t<div class=\"qodef-e-icon-holder\">\n\t<div class=\"qodef-e-icon\">\n\t\t\t\t\t<span class=\"qodef-e-item-icon-text\">\n\t\t\t\t3.\t\t\t<\/span>\n\t\t\t<\/div>\n\t<div class=\"qodef-e-line\">\n\t\t<div class=\"qodef-e-line-inner\"><\/div>\n\t<\/div>\n<\/div>\n\t\t\t\t<h5 class=\"qodef-e-title\">\n\t\tPREGNANCY &amp; ADAPTATIONS.\t<\/h5>\n\t\t\t\t<p class=\"qodef-e-text\">\n\t\tReformer sessions ar <strong>accessible for pregnant women<\/strong>, provided that:\n-<strong> You have prior approval from a healthcare professional<br>\n- You inform the coach before class<br>\n- Exercises are adapted if necessary<br>\nEvery coach is trained in pregnancy adaptations;<\/strong>however, your comfort, safety and sensations remain the priority.\t<\/p>\n\t\t<\/div>\n\t<\/div>\n<\/div>\n<div class=\"qodef-e qodef-process-item qodef-grid-item elementor-repeater-item-11d00dc\">\n\t<div class=\"qodef-e-inner\">\n\t\t<div class=\"qodef-e-content\">\n\t\t\t<div class=\"qodef-e-icon-holder\">\n\t<div class=\"qodef-e-icon\">\n\t\t\t\t\t<span class=\"qodef-e-item-icon-text\">\n\t\t\t\t4.\t\t\t<\/span>\n\t\t\t<\/div>\n\t<div class=\"qodef-e-line\">\n\t\t<div class=\"qodef-e-line-inner\"><\/div>\n\t<\/div>\n<\/div>\n\t\t\t\t<h5 class=\"qodef-e-title\">\n\t\tMUSIC &amp; AMBIANCE.\t<\/h5>\n\t\t\t\t<p class=\"qodef-e-text\">\n\t\tClasses are practiced to <strong>House, Deep House &amp; Electro Chic<\/strong>playlists, curated to support flow, rhythm and focus. Guideline: <strong>energising, elegant, never aggressive<\/strong>.\t<\/p>\n\t\t<\/div>\n\t<\/div>\n<\/div>\n<div class=\"qodef-e qodef-process-item qodef-grid-item elementor-repeater-item-dbc9c62\">\n\t<div class=\"qodef-e-inner\">\n\t\t<div class=\"qodef-e-content\">\n\t\t\t<div class=\"qodef-e-icon-holder\">\n\t<div class=\"qodef-e-icon\">\n\t\t\t\t\t<span class=\"qodef-e-item-icon-text\">\n\t\t\t\t5.\t\t\t<\/span>\n\t\t\t<\/div>\n\t<div class=\"qodef-e-line\">\n\t\t<div class=\"qodef-e-line-inner\"><\/div>\n\t<\/div>\n<\/div>\n\t\t\t\t<h5 class=\"qodef-e-title\">\n\t\tCANCELLATION.\t<\/h5>\n\t\t\t\t<p class=\"qodef-e-text\">\n\t\tReservations may be cancelled or modified <strong>up to 12 hours before<\/strong>the session.\u2028After this deadline, the session will be automatically charged.\t<\/p>\n\t\t<\/div>\n\t<\/div>\n<\/div>\n<div class=\"qodef-e qodef-process-item qodef-grid-item elementor-repeater-item-38798f9\">\n\t<div class=\"qodef-e-inner\">\n\t\t<div class=\"qodef-e-content\">\n\t\t\t<div class=\"qodef-e-icon-holder\">\n\t<div class=\"qodef-e-icon\">\n\t\t\t\t\t<span class=\"qodef-e-item-icon-text\">\n\t\t\t\t6.\t\t\t<\/span>\n\t\t\t<\/div>\n\t<div class=\"qodef-e-line\">\n\t\t<div class=\"qodef-e-line-inner\"><\/div>\n\t<\/div>\n<\/div>\n\t\t\t\t<h5 class=\"qodef-e-title\">\n\t\tWAITLIST.\t<\/h5>\n\t\t\t\t<p class=\"qodef-e-text\">\n\t\tIf a spot opens, you may be <strong>automatically added<\/strong> and the session will be <strong>confirmed and charged<\/strong>.\u2028We recommend enabling notifications <strong>\u2014 spots move quickly with only 3 available<\/strong>.\t<\/p>\n\t\t<\/div>\n\t<\/div>\n<\/div>\n\t<\/div>\n<\/div>\n\t\t\t\t<\/div>\n\t\t\t\t<\/div>\n\t\t\t\t<div class=\"elementor-element elementor-element-0856fba elementor-widget elementor-widget-heading\" data-id=\"0856fba\" data-element_type=\"widget\" data-e-type=\"widget\" data-widget_type=\"heading.default\">\n\t\t\t\t<div class=\"elementor-widget-container\">\n\t\t\t\t\t<h4 class=\"elementor-heading-title elementor-size-default\">Control the move.\u2028<br>\nControl the body.\u2028<br>\nControl the result.<\/h4>\t\t\t\t<\/div>\n\t\t\t\t<\/div>\n\t\t\t\t\t<\/div>\n\t\t\t\t<\/div>\n\t\t\t\t\t<\/div>\n\t\t<\/div>\n\t\t\t\t\t<\/div>\n\t\t<\/section>\n\t\t\t\t<\/div>","protected":false},"excerpt":{"rendered":"<p>THE REFORMER ROOM. LE PLANNING. BURN SMART, NOT HARD. 3 Reformers. 1 Tower. Only 3 spots per class.\u2192 Semi-priv\u00e9. Millim\u00e9tr\u00e9. Corrections r\u00e9elles. R\u00e9sultats visibles. Le Reformer, c\u2019est le Pilates intelligent :\u00e7a sculpte, \u00e7a allonge, \u00e7a renforce en profondeur \u2014 sans impact et sans triche. Control \u2022 Precision \u2022 Elegance NOS PACKS. THE TRY ME.2 sessions [&hellip;]<\/p>\n","protected":false},"author":2,"featured_media":0,"parent":0,"menu_order":0,"comment_status":"closed","ping_status":"closed","template":"page-full-width.php","meta":{"_coblocks_attr":"","_coblocks_dimensions":"","_coblocks_responsive_height":"","_coblocks_accordion_ie_support":"","inline_featured_image":false,"footnotes":""},"class_list":["post-15209","page","type-page","status-publish","hentry"],"_links":{"self":[{"href":"https:\/\/burningbar.fr\/en\/wp-json\/wp\/v2\/pages\/15209","targetHints":{"allow":["GET"]}}],"collection":[{"href":"https:\/\/burningbar.fr\/en\/wp-json\/wp\/v2\/pages"}],"about":[{"href":"https:\/\/burningbar.fr\/en\/wp-json\/wp\/v2\/types\/page"}],"author":[{"embeddable":true,"href":"https:\/\/burningbar.fr\/en\/wp-json\/wp\/v2\/users\/2"}],"replies":[{"embeddable":true,"href":"https:\/\/burningbar.fr\/en\/wp-json\/wp\/v2\/comments?post=15209"}],"version-history":[{"count":44,"href":"https:\/\/burningbar.fr\/en\/wp-json\/wp\/v2\/pages\/15209\/revisions"}],"predecessor-version":[{"id":15570,"href":"https:\/\/burningbar.fr\/en\/wp-json\/wp\/v2\/pages\/15209\/revisions\/15570"}],"wp:attachment":[{"href":"https:\/\/burningbar.fr\/en\/wp-json\/wp\/v2\/media?parent=15209"}],"curies":[{"name":"wp","href":"https:\/\/api.w.org\/{rel}","templated":true}]}}