{"id":13368,"date":"2023-11-06T19:49:14","date_gmt":"2023-11-06T19:49:14","guid":{"rendered":"https:\/\/burningbar.fr\/?page_id=13368"},"modified":"2023-11-06T19:49:22","modified_gmt":"2023-11-06T19:49:22","slug":"mentions-legales","status":"publish","type":"page","link":"https:\/\/burningbar.fr\/en\/mentions-legales\/","title":{"rendered":"Legal Notices"},"content":{"rendered":"<p>Ce site est \u00e9dit\u00e9 par la soci\u00e9t\u00e9 SAS BURNING BAR, soci\u00e9t\u00e9 par actions simplifi\u00e9e au capital de 1.000<br>euros dont le si\u00e8ge social est situ\u00e9 42 avenue Raymond Poincar\u00e9 \u2013 75016 PARIS, immatricul\u00e9e au<br>Registre du Commerce et des Soci\u00e9t\u00e9s de Paris sous le num\u00e9ro 980 752 562.<br><\/p>\n\n\n\n<p>Pour joindre la soci\u00e9t\u00e9 BURNING BAR au sujet de l\u2019un des services propos\u00e9s par le site<br>www.burningbar.fr :<\/p>\n\n\n\n<ul class=\"wp-block-list\">\n<li>Par courrier&nbsp;: BURNING BAR \u2013 42 avenue Raymond Poincar\u00e9 \u2013 75016 PARIS<\/li>\n\n\n\n<li>Par email\u00a0: <a href=\"mailto:contact@burningbar.fr\">contact@burningbar.fr<\/a><\/li>\n<\/ul>\n\n\n\n<p>Le responsable de r\u00e9daction est Madame Charlotte Guez &#8211; <a href=\"mailto:charlotte@burningbar.fr\">charlotte@burningbar.fr<\/a> .<br><\/p>\n\n\n\n<p>L\u2019h\u00e9bergeur du site est la soci\u00e9t\u00e9 GODADDY dont le si\u00e8ge social est situ\u00e9 2155 E. GoDaddy Way \u2013<br>Tempe, AZ 85284 USA.<br><\/p>\n\n\n\n<p>La soci\u00e9t\u00e9 BURNING BAR s\u2019engage \u00e0 faire ses meilleurs efforts pour assurer aux utilisateurs une<br>accessibilit\u00e9 du site internet \u00e0 tout moment. Toutefois, elle ne pourra \u00eatre tenue comme responsable en<br>cas d\u2019indisponibilit\u00e9 du site, pour quelque cause que ce soit.<\/p>","protected":false},"excerpt":{"rendered":"<p>Ce site est \u00e9dit\u00e9 par la soci\u00e9t\u00e9 SAS BURNING BAR, soci\u00e9t\u00e9 par actions simplifi\u00e9e au capital de 1.000euros dont le si\u00e8ge social est situ\u00e9 42 avenue Raymond Poincar\u00e9 \u2013 75016 PARIS, immatricul\u00e9e auRegistre du Commerce et des Soci\u00e9t\u00e9s de Paris sous le num\u00e9ro 980 752 562. Pour joindre la soci\u00e9t\u00e9 BURNING BAR au sujet de [&hellip;]<\/p>\n","protected":false},"author":2,"featured_media":0,"parent":0,"menu_order":0,"comment_status":"closed","ping_status":"closed","template":"","meta":{"_coblocks_attr":"","_coblocks_dimensions":"","_coblocks_responsive_height":"","_coblocks_accordion_ie_support":"","inline_featured_image":false,"footnotes":""},"class_list":["post-13368","page","type-page","status-publish","hentry"],"_links":{"self":[{"href":"https:\/\/burningbar.fr\/en\/wp-json\/wp\/v2\/pages\/13368","targetHints":{"allow":["GET"]}}],"collection":[{"href":"https:\/\/burningbar.fr\/en\/wp-json\/wp\/v2\/pages"}],"about":[{"href":"https:\/\/burningbar.fr\/en\/wp-json\/wp\/v2\/types\/page"}],"author":[{"embeddable":true,"href":"https:\/\/burningbar.fr\/en\/wp-json\/wp\/v2\/users\/2"}],"replies":[{"embeddable":true,"href":"https:\/\/burningbar.fr\/en\/wp-json\/wp\/v2\/comments?post=13368"}],"version-history":[{"count":1,"href":"https:\/\/burningbar.fr\/en\/wp-json\/wp\/v2\/pages\/13368\/revisions"}],"predecessor-version":[{"id":13369,"href":"https:\/\/burningbar.fr\/en\/wp-json\/wp\/v2\/pages\/13368\/revisions\/13369"}],"wp:attachment":[{"href":"https:\/\/burningbar.fr\/en\/wp-json\/wp\/v2\/media?parent=13368"}],"curies":[{"name":"wp","href":"https:\/\/api.w.org\/{rel}","templated":true}]}}